{"id":16,"date":"2023-06-22T00:36:26","date_gmt":"2023-06-21T15:36:26","guid":{"rendered":"https:\/\/tokaicamera.com\/?page_id=16"},"modified":"2023-06-22T23:03:44","modified_gmt":"2023-06-22T14:03:44","slug":"%e5%95%8f%e5%90%88%e3%81%9b","status":"publish","type":"page","link":"https:\/\/tokaicamera.com\/?page_id=16","title":{"rendered":"\u554f\u5408\u305b"},"content":{"rendered":"\t\t<div data-elementor-type=\"wp-page\" data-elementor-id=\"16\" class=\"elementor elementor-16\" data-elementor-post-type=\"page\">\n\t\t\t\t\t\t<section class=\"elementor-section elementor-top-section elementor-element elementor-element-7206365 elementor-section-boxed elementor-section-height-default elementor-section-height-default\" data-id=\"7206365\" data-element_type=\"section\" data-e-type=\"section\">\n\t\t\t\t\t\t<div class=\"elementor-container elementor-column-gap-default\">\n\t\t\t\t\t<div class=\"elementor-column elementor-col-100 elementor-top-column elementor-element elementor-element-54ef097\" data-id=\"54ef097\" data-element_type=\"column\" data-e-type=\"column\" data-settings=\"{&quot;background_background&quot;:&quot;classic&quot;}\">\n\t\t\t<div class=\"elementor-widget-wrap elementor-element-populated\">\n\t\t\t\t\t\t<div class=\"elementor-element elementor-element-3a7f403 elementor-widget elementor-widget-heading\" data-id=\"3a7f403\" data-element_type=\"widget\" data-e-type=\"widget\" data-widget_type=\"heading.default\">\n\t\t\t\t<div class=\"elementor-widget-container\">\n\t\t\t\t\t<h2 class=\"elementor-heading-title elementor-size-default\">\u304a\u554f\u5408\u305b<\/h2>\t\t\t\t<\/div>\n\t\t\t\t<\/div>\n\t\t\t\t<div class=\"elementor-element elementor-element-a90dc2f elementor-widget-divider--view-line_text elementor-widget-divider--element-align-center elementor-widget elementor-widget-divider\" data-id=\"a90dc2f\" data-element_type=\"widget\" data-e-type=\"widget\" data-widget_type=\"divider.default\">\n\t\t\t\t<div class=\"elementor-widget-container\">\n\t\t\t\t\t\t\t<div class=\"elementor-divider\">\n\t\t\t<span class=\"elementor-divider-separator\">\n\t\t\t\t\t\t\t<span class=\"elementor-divider__text elementor-divider__element\">\n\t\t\t\tCONTACT\t\t\t\t<\/span>\n\t\t\t\t\t\t<\/span>\n\t\t<\/div>\n\t\t\t\t\t\t<\/div>\n\t\t\t\t<\/div>\n\t\t\t\t<div class=\"elementor-element elementor-element-1fdb821 elementor-widget elementor-widget-shortcode\" data-id=\"1fdb821\" data-element_type=\"widget\" data-e-type=\"widget\" data-widget_type=\"shortcode.default\">\n\t\t\t\t<div class=\"elementor-widget-container\">\n\t\t\t\t\t\t\t<div class=\"elementor-shortcode\">\n<div class=\"wpcf7 no-js\" id=\"wpcf7-f413-o1\" lang=\"ja\" dir=\"ltr\" data-wpcf7-id=\"413\">\n<div class=\"screen-reader-response\"><p role=\"status\" aria-live=\"polite\" aria-atomic=\"true\"><\/p> <ul><\/ul><\/div>\n<form action=\"\/index.php?rest_route=%2Fwp%2Fv2%2Fpages%2F16#wpcf7-f413-o1\" method=\"post\" class=\"wpcf7-form init\" aria-label=\"\u30b3\u30f3\u30bf\u30af\u30c8\u30d5\u30a9\u30fc\u30e0\" novalidate=\"novalidate\" data-status=\"init\">\n<fieldset class=\"hidden-fields-container\"><input type=\"hidden\" name=\"_wpcf7\" value=\"413\" \/><input type=\"hidden\" name=\"_wpcf7_version\" value=\"6.1.5\" \/><input type=\"hidden\" name=\"_wpcf7_locale\" value=\"ja\" \/><input type=\"hidden\" name=\"_wpcf7_unit_tag\" value=\"wpcf7-f413-o1\" \/><input type=\"hidden\" name=\"_wpcf7_container_post\" value=\"0\" \/><input type=\"hidden\" name=\"_wpcf7_posted_data_hash\" value=\"\" \/><input type=\"hidden\" name=\"_wpcf7_recaptcha_response\" value=\"\" \/>\n<\/fieldset>\n<p><span id=\"wpcf7-6a0546c23cc5e-wrapper\" class=\"wpcf7-form-control-wrap your-age-wrap\" style=\"display:none !important; visibility:hidden !important;\"><label for=\"wpcf7-6a0546c23cc5e-field\" class=\"hp-message\">\u3053\u306e\u30d5\u30a3\u30fc\u30eb\u30c9\u306f\u7a7a\u306e\u307e\u307e\u306b\u3057\u3066\u304f\u3060\u3055\u3044\u3002<\/label><input id=\"wpcf7-6a0546c23cc5e-field\"  class=\"wpcf7-form-control wpcf7-text\" type=\"text\" name=\"your-age\" value=\"\" size=\"40\" tabindex=\"-1\" autocomplete=\"new-password\" \/><\/span>\n<\/p>\n<table class=\"table table-bordered table-striped table-contactform7\">\n<div class=\"wpcf7-response-output\" aria-hidden=\"true\"><\/div>\n\t<tr>\n\t\t<th>\n\t\t\t<p><span class=\"required-contactform7\">\u5fc5\u9808<\/span><span class=\"title-contactform7\">\u6c0f\u540d<\/span>\n\t\t\t<\/p>\n\t\t<\/th>\n\t\t<td>\n\t\t\t<p><span class=\"wpcf7-form-control-wrap\" data-name=\"your-name\"><input size=\"40\" maxlength=\"400\" class=\"wpcf7-form-control wpcf7-text wpcf7-validates-as-required\" aria-required=\"true\" aria-invalid=\"false\" placeholder=\"\u4f8b\uff1a\u6771\u6d77 \u592a\u90ce\" value=\"\" type=\"text\" name=\"your-name\" \/><\/span>\n\t\t\t<\/p>\n\t\t<\/td>\n\t<\/tr>\n\t<tr>\n\t\t<th>\n\t\t\t<p><span class=\"required-contactform7\">\u5fc5\u9808<\/span><span class=\"title-contactform7\">\u30d5\u30ea\u30ac\u30ca<\/span>\n\t\t\t<\/p>\n\t\t<\/th>\n\t\t<td>\n\t\t\t<p><span class=\"wpcf7-form-control-wrap\" data-name=\"text-401\"><input size=\"40\" maxlength=\"400\" class=\"wpcf7-form-control wpcf7-text wpcf7-validates-as-required\" aria-required=\"true\" aria-invalid=\"false\" placeholder=\"\u4f8b\uff1a\u30c8\u30a6\u30ab\u30a4 \u30bf\u30ed\u30a6\" value=\"\" type=\"text\" name=\"text-401\" \/><\/span>\n\t\t\t<\/p>\n\t\t<\/td>\n\t<\/tr>\n\t<tr>\n\t\t<th>\n\t\t\t<p><span class=\"required-contactform7\">\u5fc5\u9808<\/span><span class=\"title-contactform7\">E-mail<\/span>\n\t\t\t<\/p>\n\t\t<\/th>\n\t\t<td>\n\t\t\t<p><span class=\"wpcf7-form-control-wrap\" data-name=\"your-email\"><input size=\"40\" maxlength=\"400\" class=\"wpcf7-form-control wpcf7-email wpcf7-validates-as-required wpcf7-text wpcf7-validates-as-email\" aria-required=\"true\" aria-invalid=\"false\" placeholder=\"\u4f8b\uff1a\u00d7\u00d7\u00d7@\u00d7\u00d7\u00d7.com\" value=\"\" type=\"email\" name=\"your-email\" \/><\/span>\n\t\t\t<\/p>\n\t\t<\/td>\n\t<\/tr>\n\t<tr>\n\t\t<th>\n\t\t\t<p><span class=\"required-contactform7\">\u5fc5\u9808<\/span><span class=\"title-contactform7\">\u304a\u554f\u5408\u305b\u5185\u5bb9<\/span>\n\t\t\t<\/p>\n\t\t<\/th>\n\t\t<td>\n\t\t\t<p><span class=\"wpcf7-form-control-wrap\" data-name=\"your-message\"><textarea cols=\"40\" rows=\"10\" maxlength=\"2000\" class=\"wpcf7-form-control wpcf7-textarea wpcf7-validates-as-required\" aria-required=\"true\" aria-invalid=\"false\" placeholder=\"\u4f8b\uff1a\u3053\u3053\u306b\u30e1\u30c3\u30bb\u30fc\u30b8\u3092\u5165\u529b\u3057\u3066\u304f\u3060\u3055\u3044\" name=\"your-message\"><\/textarea><\/span>\n\t\t\t<\/p>\n\t\t<\/td>\n\t<\/tr>\n<\/table>\n<div class=\"wpcf7-response-output\" aria-hidden=\"true\"><\/div>\n<CENTER>\n\t<p><input class=\"wpcf7-form-control wpcf7-submit has-spinner btn-cf7\" type=\"submit\" value=\"\u9001\u4fe1\u3059\u308b\" \/>\n\t<\/p>\n<\/center><p style=\"display: none !important;\" class=\"akismet-fields-container\" data-prefix=\"_wpcf7_ak_\"><label>&#916;<textarea name=\"_wpcf7_ak_hp_textarea\" cols=\"45\" rows=\"8\" maxlength=\"100\"><\/textarea><\/label><input type=\"hidden\" id=\"ak_js_1\" name=\"_wpcf7_ak_js\" value=\"17\"\/><script>document.getElementById( \"ak_js_1\" ).setAttribute( \"value\", ( new Date() ).getTime() );<\/script><\/p>\n<\/form>\n<\/div>\n<\/div>\n\t\t\t\t\t\t<\/div>\n\t\t\t\t<\/div>\n\t\t\t\t\t<\/div>\n\t\t<\/div>\n\t\t\t\t\t<\/div>\n\t\t<\/section>\n\t\t\t\t<\/div>\n\t\t","protected":false},"excerpt":{"rendered":"<p>\u304a\u554f\u5408\u305b CONTACT<\/p>\n","protected":false},"author":1,"featured_media":0,"parent":0,"menu_order":0,"comment_status":"closed","ping_status":"closed","template":"","meta":{"site-sidebar-layout":"no-sidebar","site-content-layout":"page-builder","ast-global-header-display":"","ast-banner-title-visibility":"","ast-main-header-display":"","ast-hfb-above-header-display":"","ast-hfb-below-header-display":"","ast-hfb-mobile-header-display":"","site-post-title":"disabled","ast-breadcrumbs-content":"","ast-featured-img":"disabled","footer-sml-layout":"","theme-transparent-header-meta":"","adv-header-id-meta":"","stick-header-meta":"","header-above-stick-meta":"","header-main-stick-meta":"","header-below-stick-meta":"","footnotes":""},"class_list":["post-16","page","type-page","status-publish","hentry"],"yoast_head":"<!-- This site is optimized with the Yoast SEO plugin v27.0 - https:\/\/yoast.com\/product\/yoast-seo-wordpress\/ -->\n<title>\u554f\u5408\u305b - \u9759\u5ca1\u770c\u6d5c\u677e\u5e02\u306e\u4e2d\u53e4\u30ab\u30e1\u30e9\u8cb7\u53d6 \u30c8\u30fc\u30ab\u30a4\u30ab\u30e1\u30e9<\/title>\n<meta name=\"robots\" content=\"index, follow, max-snippet:-1, max-image-preview:large, max-video-preview:-1\" \/>\n<link rel=\"canonical\" href=\"https:\/\/tokaicamera.com\/?page_id=16\" \/>\n<meta property=\"og:locale\" content=\"ja_JP\" \/>\n<meta property=\"og:type\" content=\"article\" \/>\n<meta property=\"og:title\" content=\"\u554f\u5408\u305b - \u9759\u5ca1\u770c\u6d5c\u677e\u5e02\u306e\u4e2d\u53e4\u30ab\u30e1\u30e9\u8cb7\u53d6 \u30c8\u30fc\u30ab\u30a4\u30ab\u30e1\u30e9\" \/>\n<meta property=\"og:description\" content=\"\u304a\u554f\u5408\u305b CONTACT\" \/>\n<meta property=\"og:url\" content=\"https:\/\/tokaicamera.com\/?page_id=16\" \/>\n<meta property=\"og:site_name\" content=\"\u9759\u5ca1\u770c\u6d5c\u677e\u5e02\u306e\u4e2d\u53e4\u30ab\u30e1\u30e9\u8cb7\u53d6 \u30c8\u30fc\u30ab\u30a4\u30ab\u30e1\u30e9\" \/>\n<meta property=\"article:modified_time\" content=\"2023-06-22T14:03:44+00:00\" \/>\n<meta name=\"twitter:card\" content=\"summary_large_image\" \/>\n<meta name=\"twitter:label1\" content=\"\u63a8\u5b9a\u8aad\u307f\u53d6\u308a\u6642\u9593\" \/>\n\t<meta name=\"twitter:data1\" content=\"1\u5206\" \/>\n<script type=\"application\/ld+json\" class=\"yoast-schema-graph\">{\"@context\":\"https:\/\/schema.org\",\"@graph\":[{\"@type\":\"WebPage\",\"@id\":\"https:\/\/tokaicamera.com\/?page_id=16\",\"url\":\"https:\/\/tokaicamera.com\/?page_id=16\",\"name\":\"\u554f\u5408\u305b - \u9759\u5ca1\u770c\u6d5c\u677e\u5e02\u306e\u4e2d\u53e4\u30ab\u30e1\u30e9\u8cb7\u53d6 \u30c8\u30fc\u30ab\u30a4\u30ab\u30e1\u30e9\",\"isPartOf\":{\"@id\":\"https:\/\/tokaicamera.com\/#website\"},\"datePublished\":\"2023-06-21T15:36:26+00:00\",\"dateModified\":\"2023-06-22T14:03:44+00:00\",\"breadcrumb\":{\"@id\":\"https:\/\/tokaicamera.com\/?page_id=16#breadcrumb\"},\"inLanguage\":\"ja\",\"potentialAction\":[{\"@type\":\"ReadAction\",\"target\":[\"https:\/\/tokaicamera.com\/?page_id=16\"]}]},{\"@type\":\"BreadcrumbList\",\"@id\":\"https:\/\/tokaicamera.com\/?page_id=16#breadcrumb\",\"itemListElement\":[{\"@type\":\"ListItem\",\"position\":1,\"name\":\"\u30db\u30fc\u30e0\",\"item\":\"https:\/\/tokaicamera.com\/\"},{\"@type\":\"ListItem\",\"position\":2,\"name\":\"\u554f\u5408\u305b\"}]},{\"@type\":\"WebSite\",\"@id\":\"https:\/\/tokaicamera.com\/#website\",\"url\":\"https:\/\/tokaicamera.com\/\",\"name\":\"\u9759\u5ca1\u770c\u6d5c\u677e\u5e02\u306e\u4e2d\u53e4\u30ab\u30e1\u30e9\u8cb7\u53d6 \u30c8\u30fc\u30ab\u30a4\u30ab\u30e1\u30e9\",\"description\":\"&quot;\u3042\u306a\u305f\u306e\u5927\u5207\u306a\u4e2d\u53e4\u30ab\u30e1\u30e9\u3084\u30ec\u30f3\u30ba\u3092\u6700\u9ad8\u5024\u3067\u8cb7\u53d6\u3044\u305f\u3057\u307e\u3059\u3002\u58ca\u308c\u3066\u3044\u308b\u30ab\u30e1\u30e9\u3001\u30ec\u30f3\u30ba\u3082\u8cb7\u3044\u53d6\u308a\u307e\u3059\u3002\u4e0a\u9650\u91d1\u984d\u3067\u8cb7\u53d6\u4fdd\u8a3c\u3002\u6d5c\u677e\u8fd1\u90ca\u306e\u304a\u4f4f\u307e\u3044\u306e\u65b9\u3067\u3042\u308c\u3070\u7121\u6599\u3067\u51fa\u5f35\u8cb7\u53d6\u3082!\",\"potentialAction\":[{\"@type\":\"SearchAction\",\"target\":{\"@type\":\"EntryPoint\",\"urlTemplate\":\"https:\/\/tokaicamera.com\/?s={search_term_string}\"},\"query-input\":{\"@type\":\"PropertyValueSpecification\",\"valueRequired\":true,\"valueName\":\"search_term_string\"}}],\"inLanguage\":\"ja\"}]}<\/script>\n<!-- \/ Yoast SEO plugin. -->","yoast_head_json":{"title":"\u554f\u5408\u305b - \u9759\u5ca1\u770c\u6d5c\u677e\u5e02\u306e\u4e2d\u53e4\u30ab\u30e1\u30e9\u8cb7\u53d6 \u30c8\u30fc\u30ab\u30a4\u30ab\u30e1\u30e9","robots":{"index":"index","follow":"follow","max-snippet":"max-snippet:-1","max-image-preview":"max-image-preview:large","max-video-preview":"max-video-preview:-1"},"canonical":"https:\/\/tokaicamera.com\/?page_id=16","og_locale":"ja_JP","og_type":"article","og_title":"\u554f\u5408\u305b - \u9759\u5ca1\u770c\u6d5c\u677e\u5e02\u306e\u4e2d\u53e4\u30ab\u30e1\u30e9\u8cb7\u53d6 \u30c8\u30fc\u30ab\u30a4\u30ab\u30e1\u30e9","og_description":"\u304a\u554f\u5408\u305b CONTACT","og_url":"https:\/\/tokaicamera.com\/?page_id=16","og_site_name":"\u9759\u5ca1\u770c\u6d5c\u677e\u5e02\u306e\u4e2d\u53e4\u30ab\u30e1\u30e9\u8cb7\u53d6 \u30c8\u30fc\u30ab\u30a4\u30ab\u30e1\u30e9","article_modified_time":"2023-06-22T14:03:44+00:00","twitter_card":"summary_large_image","twitter_misc":{"\u63a8\u5b9a\u8aad\u307f\u53d6\u308a\u6642\u9593":"1\u5206"},"schema":{"@context":"https:\/\/schema.org","@graph":[{"@type":"WebPage","@id":"https:\/\/tokaicamera.com\/?page_id=16","url":"https:\/\/tokaicamera.com\/?page_id=16","name":"\u554f\u5408\u305b - \u9759\u5ca1\u770c\u6d5c\u677e\u5e02\u306e\u4e2d\u53e4\u30ab\u30e1\u30e9\u8cb7\u53d6 \u30c8\u30fc\u30ab\u30a4\u30ab\u30e1\u30e9","isPartOf":{"@id":"https:\/\/tokaicamera.com\/#website"},"datePublished":"2023-06-21T15:36:26+00:00","dateModified":"2023-06-22T14:03:44+00:00","breadcrumb":{"@id":"https:\/\/tokaicamera.com\/?page_id=16#breadcrumb"},"inLanguage":"ja","potentialAction":[{"@type":"ReadAction","target":["https:\/\/tokaicamera.com\/?page_id=16"]}]},{"@type":"BreadcrumbList","@id":"https:\/\/tokaicamera.com\/?page_id=16#breadcrumb","itemListElement":[{"@type":"ListItem","position":1,"name":"\u30db\u30fc\u30e0","item":"https:\/\/tokaicamera.com\/"},{"@type":"ListItem","position":2,"name":"\u554f\u5408\u305b"}]},{"@type":"WebSite","@id":"https:\/\/tokaicamera.com\/#website","url":"https:\/\/tokaicamera.com\/","name":"\u9759\u5ca1\u770c\u6d5c\u677e\u5e02\u306e\u4e2d\u53e4\u30ab\u30e1\u30e9\u8cb7\u53d6 \u30c8\u30fc\u30ab\u30a4\u30ab\u30e1\u30e9","description":"&quot;\u3042\u306a\u305f\u306e\u5927\u5207\u306a\u4e2d\u53e4\u30ab\u30e1\u30e9\u3084\u30ec\u30f3\u30ba\u3092\u6700\u9ad8\u5024\u3067\u8cb7\u53d6\u3044\u305f\u3057\u307e\u3059\u3002\u58ca\u308c\u3066\u3044\u308b\u30ab\u30e1\u30e9\u3001\u30ec\u30f3\u30ba\u3082\u8cb7\u3044\u53d6\u308a\u307e\u3059\u3002\u4e0a\u9650\u91d1\u984d\u3067\u8cb7\u53d6\u4fdd\u8a3c\u3002\u6d5c\u677e\u8fd1\u90ca\u306e\u304a\u4f4f\u307e\u3044\u306e\u65b9\u3067\u3042\u308c\u3070\u7121\u6599\u3067\u51fa\u5f35\u8cb7\u53d6\u3082!","potentialAction":[{"@type":"SearchAction","target":{"@type":"EntryPoint","urlTemplate":"https:\/\/tokaicamera.com\/?s={search_term_string}"},"query-input":{"@type":"PropertyValueSpecification","valueRequired":true,"valueName":"search_term_string"}}],"inLanguage":"ja"}]}},"_links":{"self":[{"href":"https:\/\/tokaicamera.com\/index.php?rest_route=\/wp\/v2\/pages\/16","targetHints":{"allow":["GET"]}}],"collection":[{"href":"https:\/\/tokaicamera.com\/index.php?rest_route=\/wp\/v2\/pages"}],"about":[{"href":"https:\/\/tokaicamera.com\/index.php?rest_route=\/wp\/v2\/types\/page"}],"author":[{"embeddable":true,"href":"https:\/\/tokaicamera.com\/index.php?rest_route=\/wp\/v2\/users\/1"}],"replies":[{"embeddable":true,"href":"https:\/\/tokaicamera.com\/index.php?rest_route=%2Fwp%2Fv2%2Fcomments&post=16"}],"version-history":[{"count":13,"href":"https:\/\/tokaicamera.com\/index.php?rest_route=\/wp\/v2\/pages\/16\/revisions"}],"predecessor-version":[{"id":425,"href":"https:\/\/tokaicamera.com\/index.php?rest_route=\/wp\/v2\/pages\/16\/revisions\/425"}],"wp:attachment":[{"href":"https:\/\/tokaicamera.com\/index.php?rest_route=%2Fwp%2Fv2%2Fmedia&parent=16"}],"curies":[{"name":"wp","href":"https:\/\/api.w.org\/{rel}","templated":true}]}}